{"id":98,"date":"2019-11-18T19:51:56","date_gmt":"2019-11-18T19:51:56","guid":{"rendered":"https:\/\/karlsro.nu\/?page_id=98"},"modified":"2026-02-05T10:45:25","modified_gmt":"2026-02-05T09:45:25","slug":"nybyggarna-torsdagar","status":"publish","type":"page","link":"https:\/\/karlsro.nu\/?page_id=98","title":{"rendered":"Nybyggarna (torsdagar)"},"content":{"rendered":"\n<p><strong><em>M\u00f6testid:<\/em><\/strong><em>&nbsp;Torsdagar mellan 18.30 och 20.30 om inget anges i programmet<\/em><\/p>\n\n\n\n<p><strong>Nybyggarnas Patruller<em>:<\/em><\/strong><em>&nbsp;<\/em><\/p>\n\n\n\n<ul class=\"wp-block-list\">\n<li>Hjorten<\/li>\n\n\n\n<li>Renen<\/li>\n\n\n\n<li>Vargen<\/li>\n\n\n\n<li>Lodjuret<\/li>\n\n\n\n<li>Bj\u00f6rnen (ledarpatrull)<\/li>\n<\/ul>\n\n\n\n<p><strong>Nybyggarropet:&nbsp;<\/strong>\u2019Det risslar, det rasslar, det knakar, det&nbsp;skvallras om nybyggarfolk. Hjorten lyfter p\u00e5 kronan stor. Renen h\u00f6gt p\u00e5 fj\u00e4llet bor. Vargen v\u00e4ssar t\u00e4nder och klor. Lodjuret upp i tr\u00e4det for. Bj\u00f6rnen brummar stark och stor. Hjorten! Renen! Vargen! Lodjuret! Bj\u00f6rnen! NYBYGGARNA!\u2019<\/p>\n\n\n\n<p><strong>Ledare:<\/strong><\/p>\n\n\n\n<ul class=\"wp-block-list\">\n<li><a href=\"mailto:doktormoren@hotmail.com\">Staffan Mor\u00e9n<\/a>   <\/li>\n\n\n\n<li><a href=\"mailto:kristina.wilen@gmail.com\" target=\"_blank\" rel=\"noreferrer noopener\">Kristina Wil\u00e9n<\/a><\/li>\n\n\n\n<li><a href=\"jackwalton@hotmail.com\">Jack Walton<\/a><\/li>\n\n\n\n<li>Filippa Nilsson<\/li>\n\n\n\n<li>Nils Engwall<\/li>\n\n\n\n<li>Andrew Barrett<\/li>\n<\/ul>\n\n\n\n<p><strong>TERMINSPROGRAM<\/strong> <strong>VT 202<\/strong>6<\/p>\n\n\n\n<div class='printomatic pom-small-black ' id='id2146'  data-print_target='article'><\/div>\n\n\n\n<div class=\"wp-block-columns is-layout-flex wp-container-core-columns-is-layout-28f84493 wp-block-columns-is-layout-flex\">\n<div class=\"wp-block-column is-layout-flow wp-block-column-is-layout-flow\" style=\"flex-basis:100%\">\n<div class=\"wp-block-columns is-layout-flex wp-container-core-columns-is-layout-28f84493 wp-block-columns-is-layout-flex\">\n<div class=\"wp-block-column is-layout-flow wp-block-column-is-layout-flow\" style=\"flex-basis:100%\">\n<p><\/p>\n<\/div>\n<\/div>\n<\/div>\n<\/div>\n\n\n\n<div class=\"inherit-container-width wp-block-group is-layout-constrained wp-block-group-is-layout-constrained\"><div class=\"wp-block-group__inner-container\">\n<figure class=\"wp-block-table is-style-regular\"><table><tbody><tr><td><strong>Datum<\/strong><\/td><td><strong>Aktivitet<\/strong><\/td><td><strong>Plats<\/strong><\/td><\/tr><tr><td><mark style=\"background-color:rgba(0, 0, 0, 0)\" class=\"has-inline-color has-ast-global-color-1-color\">Torsdag <\/mark><strong>0<\/strong>5\/02<\/td><td>Hantverksm\u00f6te: L\u00e4der \/ T\u00e4lja + \u00c5rsm\u00f6te<br><br><\/td><td>Scoutg\u00e5rden<\/td><\/tr><tr><td><mark style=\"background-color:rgba(0, 0, 0, 0)\" class=\"has-inline-color has-ast-global-color-1-color\">Torsdag <\/mark><strong>12\/<\/strong>02<\/td><td><br><br><strong>isvak, bastu &amp; iskunskap<\/strong><br><br><br>ta med: badkl\u00e4der f\u00f6r bastu, handduk, ombyte (s\u00e5 att du kan f\u00f6rs\u00f6ka r\u00e4dda dig sj\u00e4lv ur vattnet med dubbar f\u00f6r isvett marke)<\/td><td>Fj\u00e4llnora naturreservat<br><br><a href=\"https:\/\/www.google.com\/maps\/place\/\/data=!4m2!3m1!1s0x465fc42f69f61b21:0xad928599f64bc0fb?sa=X&amp;ved=1t:8290&amp;ictx=111\">Fj\u00e4llnora 35, 741 77 Uppsala<\/a><\/td><\/tr><tr><td><br><br><mark style=\"background-color:rgba(0, 0, 0, 0)\" class=\"has-inline-color has-ast-global-color-1-color\">Torsdag <\/mark> 19\/02 <br><\/td><td>Ingen M\u00f6te pga Sportlov <\/td><td><\/td><\/tr><tr><td><mark style=\"background-color:rgba(0, 0, 0, 0)\" class=\"has-inline-color has-ast-global-color-1-color\">Torsdag <\/mark>26\/2<\/td><td><br>D\u00e5 och nu &#8211; world thinking day<\/td><td>Scoutg\u00e5rden<\/td><\/tr><tr><td><mark style=\"background-color:rgba(0, 0, 0, 0)\" class=\"has-inline-color has-ast-global-color-1-color\">Torsdag<\/mark><strong> 5\/3<\/strong><\/td><td>scoutvila<\/td><td><br><\/td><\/tr><tr><td><strong><mark style=\"background-color:rgba(0, 0, 0, 0)\" class=\"has-inline-color has-ast-global-color-1-color\"><mark style=\"background-color:rgba(0, 0, 0, 0)\" class=\"has-inline-color has-ast-global-color-1-color\">Fredag<\/mark><\/mark>\/Lordag 6-7 \/ 3<\/strong><\/td><td><strong>Nattorientering  + myshajk<\/strong><\/td><td><strong>Dragontorpet<\/strong><\/td><\/tr><tr><td><mark style=\"background-color:rgba(0, 0, 0, 0)\" class=\"has-inline-color has-ast-global-color-1-color\"><mark style=\"background-color:rgba(0, 0, 0, 0)\" class=\"has-inline-color has-ast-global-color-1-color\">Torsdag<\/mark><\/mark> 12\/03<\/td><td><br>Matlagning m\u00f6te<br><br><br><\/td><td>Scoutg\u00e5rden<\/td><\/tr><tr><td><mark style=\"background-color:rgba(0, 0, 0, 0)\" class=\"has-inline-color has-ast-global-color-1-color\"><mark style=\"background-color:rgba(0, 0, 0, 0)\" class=\"has-inline-color has-ast-global-color-1-color\">Torsdag<\/mark><\/mark> 19\/03<\/td><td>Filmm\u00f6te Part 1 (planering &amp; inspelning) (+ 15m planering f\u00f6r-miniatyr)<\/td><td>Scoutg\u00e5rden<\/td><\/tr><tr><td><mark style=\"background-color:rgba(0, 0, 0, 0)\" class=\"has-inline-color has-ast-global-color-1-color\"><mark style=\"background-color:rgba(0, 0, 0, 0)\" class=\"has-inline-color has-ast-global-color-1-color\">Torsdag<\/mark><\/mark> 26\/03<\/td><td>f\u00f6r-miniatyr<br><br>ta med: klader efter v\u00e4der<\/td><td>Scoutg\u00e5rden<\/td><\/tr><tr><td><mark style=\"background-color:rgba(0, 0, 0, 0)\" class=\"has-inline-color has-ast-global-color-1-color\"><mark style=\"background-color:rgba(0, 0, 0, 0)\" class=\"has-inline-color has-ast-global-color-1-color\">Torsdag<\/mark><\/mark> 02\/04<\/td><td><br>Ingen M\u00f6te pga P\u00e5sklov<\/td><td><\/td><\/tr><tr><td><mark style=\"background-color:rgba(0, 0, 0, 0)\" class=\"has-inline-color has-ast-global-color-1-color\"><mark style=\"background-color:rgba(0, 0, 0, 0)\" class=\"has-inline-color has-ast-global-color-1-color\">Torsdag<\/mark><\/mark> 09\/04<\/td><td>Filmm\u00f6te Part 2 (clippning &amp; visning)<\/td><td>Scoutg\u00e5rden<\/td><\/tr><tr><td><strong>Lordag &#8211; Sondag 11-12\/04<\/strong><\/td><td><strong>Kamint\u00e4lthajk<\/strong><\/td><td><strong>Dragontorpet<\/strong><\/td><\/tr><tr><td><mark style=\"background-color:rgba(0, 0, 0, 0)\" class=\"has-inline-color has-ast-global-color-1-color\"><mark style=\"background-color:rgba(0, 0, 0, 0)\" class=\"has-inline-color has-ast-global-color-1-color\">Torsdag<\/mark><\/mark> 16\/04<\/td><td>Matlagning p\u00e5 eld<br><br>ta med: klader efter v\u00e4der<\/td><td>Scoutg\u00e5rden<\/td><\/tr><tr><td>Torsdag 23\/4<\/td><td>Planering f\u00f6r patrullhajk + surrning och knopar (andra repmarke)<\/td><td><br>Scoutg\u00e5rden<\/td><\/tr><tr><td>Torsdag 30\/04<\/td><td>Valborg<\/td><td>Scoutg\u00e5rden<\/td><\/tr><tr><td><strong>02-03\/05<\/strong><\/td><td><strong>Patrullhajk<\/strong><br><br><\/td><td><strong>Dragontorpet<\/strong><\/td><\/tr><tr><td>Torsdag 07\/05<\/td><td>f\u00f6rbereda v\u00e5r mark och plantera gr\u00f6nsaker f\u00f6r s\u00e4songen<br><br>ta med: klader efter v\u00e4der &amp; stark skor<\/td><td>Dragontorpet<\/td><\/tr><tr><td>Torsdag 14\/5<\/td><td><br>Ingen M\u00f6te pga Kristihimmelsf\u00e4rd<\/td><td><\/td><\/tr><tr><td>Torsdag 21\/5<\/td><td>Kl\u00e4ttring<br><br>ta med: sport klader <\/td><td>Dalkarlsk\u00e4rret<br><br><a href=\"https:\/\/frozentime.se\/climbing\/dalkarlskarret.html\">https:\/\/frozentime.se\/climbing\/dalkarlskarret.html<\/a><\/td><\/tr><tr><td>Torsdag 28\/5<\/td><td>V\u00e5rvandring &#8211; jakt f\u00f6r flora &amp; fauna<br><br>ta med: klader efter v\u00e4der<\/td><td>Scoutg\u00e5rden<br><\/td><\/tr><tr><td>Torsdag 04\/06<\/td><td>Paddlingsm\u00f6te<\/td><td>Ekolnsn\u00e4s<\/td><\/tr><tr><td>06\/06<\/td><td><br>Paddlingshajk<\/td><td><\/td><\/tr><tr><td><\/td><td><br><br><\/td><td><br><br><\/td><\/tr><tr><td><\/td><td><\/td><td><\/td><\/tr><tr><td><\/td><td><\/td><td><\/td><\/tr><tr><td><\/td><td><\/td><td><\/td><\/tr><tr><td><\/td><td><\/td><td><\/td><\/tr><\/tbody><\/table><\/figure>\n<\/div><\/div>\n\n\n\n<p><\/p>\n","protected":false},"excerpt":{"rendered":"<p>M\u00f6testid:&nbsp;Torsdagar mellan 18.30 och 20.30 om inget anges i programmet Nybyggarnas Patruller:&nbsp; Nybyggarropet:&nbsp;\u2019Det risslar, det rasslar, det knakar, det&nbsp;skvallras om nybyggarfolk. Hjorten lyfter p\u00e5 kronan stor. Renen h\u00f6gt p\u00e5 fj\u00e4llet bor. Vargen v\u00e4ssar t\u00e4nder och klor. Lodjuret upp i tr\u00e4det for. Bj\u00f6rnen brummar stark och stor. Hjorten! Renen! Vargen! Lodjuret! Bj\u00f6rnen! NYBYGGARNA!\u2019 Ledare: TERMINSPROGRAM VT [&hellip;]<\/p>\n","protected":false},"author":1,"featured_media":0,"parent":95,"menu_order":4,"comment_status":"closed","ping_status":"closed","template":"","meta":{"site-sidebar-layout":"default","site-content-layout":"default","ast-site-content-layout":"default","site-content-style":"default","site-sidebar-style":"default","ast-global-header-display":"","ast-banner-title-visibility":"","ast-main-header-display":"","ast-hfb-above-header-display":"","ast-hfb-below-header-display":"","ast-hfb-mobile-header-display":"","site-post-title":"","ast-breadcrumbs-content":"","ast-featured-img":"","footer-sml-layout":"","ast-disable-related-posts":"","theme-transparent-header-meta":"default","adv-header-id-meta":"","stick-header-meta":"","header-above-stick-meta":"","header-main-stick-meta":"","header-below-stick-meta":"","astra-migrate-meta-layouts":"set","ast-page-background-enabled":"default","ast-page-background-meta":{"desktop":{"background-color":"","background-image":"","background-repeat":"repeat","background-position":"center center","background-size":"auto","background-attachment":"scroll","background-type":"","background-media":"","overlay-type":"","overlay-color":"","overlay-opacity":"","overlay-gradient":""},"tablet":{"background-color":"","background-image":"","background-repeat":"repeat","background-position":"center center","background-size":"auto","background-attachment":"scroll","background-type":"","background-media":"","overlay-type":"","overlay-color":"","overlay-opacity":"","overlay-gradient":""},"mobile":{"background-color":"","background-image":"","background-repeat":"repeat","background-position":"center center","background-size":"auto","background-attachment":"scroll","background-type":"","background-media":"","overlay-type":"","overlay-color":"","overlay-opacity":"","overlay-gradient":""}},"ast-content-background-meta":{"desktop":{"background-color":"var(--ast-global-color-5)","background-image":"","background-repeat":"repeat","background-position":"center center","background-size":"auto","background-attachment":"scroll","background-type":"","background-media":"","overlay-type":"","overlay-color":"","overlay-opacity":"","overlay-gradient":""},"tablet":{"background-color":"var(--ast-global-color-5)","background-image":"","background-repeat":"repeat","background-position":"center center","background-size":"auto","background-attachment":"scroll","background-type":"","background-media":"","overlay-type":"","overlay-color":"","overlay-opacity":"","overlay-gradient":""},"mobile":{"background-color":"var(--ast-global-color-5)","background-image":"","background-repeat":"repeat","background-position":"center center","background-size":"auto","background-attachment":"scroll","background-type":"","background-media":"","overlay-type":"","overlay-color":"","overlay-opacity":"","overlay-gradient":""}},"footnotes":""},"class_list":["post-98","page","type-page","status-publish","hentry"],"_links":{"self":[{"href":"https:\/\/karlsro.nu\/index.php?rest_route=\/wp\/v2\/pages\/98","targetHints":{"allow":["GET"]}}],"collection":[{"href":"https:\/\/karlsro.nu\/index.php?rest_route=\/wp\/v2\/pages"}],"about":[{"href":"https:\/\/karlsro.nu\/index.php?rest_route=\/wp\/v2\/types\/page"}],"author":[{"embeddable":true,"href":"https:\/\/karlsro.nu\/index.php?rest_route=\/wp\/v2\/users\/1"}],"replies":[{"embeddable":true,"href":"https:\/\/karlsro.nu\/index.php?rest_route=%2Fwp%2Fv2%2Fcomments&post=98"}],"version-history":[{"count":332,"href":"https:\/\/karlsro.nu\/index.php?rest_route=\/wp\/v2\/pages\/98\/revisions"}],"predecessor-version":[{"id":5139,"href":"https:\/\/karlsro.nu\/index.php?rest_route=\/wp\/v2\/pages\/98\/revisions\/5139"}],"up":[{"embeddable":true,"href":"https:\/\/karlsro.nu\/index.php?rest_route=\/wp\/v2\/pages\/95"}],"wp:attachment":[{"href":"https:\/\/karlsro.nu\/index.php?rest_route=%2Fwp%2Fv2%2Fmedia&parent=98"}],"curies":[{"name":"wp","href":"https:\/\/api.w.org\/{rel}","templated":true}]}}