{"id":92,"date":"2019-11-18T19:51:56","date_gmt":"2019-11-18T19:51:56","guid":{"rendered":"https:\/\/karlsro.nu\/?page_id=92"},"modified":"2026-01-12T21:20:11","modified_gmt":"2026-01-12T20:20:11","slug":"skogsvandrarna-onsdagar","status":"publish","type":"page","link":"https:\/\/karlsro.nu\/?page_id=92","title":{"rendered":"Skogsvandrarna (onsdagar)"},"content":{"rendered":"\n<p>V\u00e4lkommen till Skogsvandrarna, uppt\u00e4ckarscouter i Karlsro scoutk\u00e5r. <\/p>\n\n\n\n<p>V\u00e5ra onsdagsm\u00f6ten startar <strong><mark style=\"background-color:rgba(0, 0, 0, 0)\" class=\"has-inline-color has-ast-global-color-0-color\">18.15<\/mark><\/strong> och slutar <strong>19.45<\/strong>. <br>Samling vid Scoutg\u00e5rden i Uller\u00e5ker, om inget annat meddelas. Kl\u00e4der efter v\u00e4der, ta alltid med kl\u00e4der f\u00f6r uteaktiviteter!<br>Adress: <strong>Uller\u00e5kersv\u00e4gen 32<\/strong>, <a href=\"https:\/\/goo.gl\/maps\/433Do67wGyz4pT298\" data-type=\"link\" data-id=\"https:\/\/goo.gl\/maps\/433Do67wGyz4pT298\">Karta <\/a><\/p>\n\n\n\n<p><strong>PROGRAM V\u00c5REN 2026<\/strong><\/p>\n\n\n\n<figure class=\"wp-block-table\"><table class=\"has-fixed-layout\"><tbody><tr><td><strong>Vecka<\/strong><\/td><td><strong>Datum<\/strong><\/td><td><strong>Program<\/strong><\/td><td><strong>Plats<\/strong><\/td><td><strong>Ansvarig<\/strong><\/td><\/tr><tr><td>3<\/td><td>2026-01-14<\/td><td>\u00c5rsm\u00f6te + pulka\u00e5lkning<\/td><td><\/td><td>Petter<\/td><\/tr><tr><td>3<\/td><td>2026-01-17&#8211;18<\/td><td>Hajk<br>vinterolympiad + lyxhajk<\/td><td><\/td><td><\/td><\/tr><tr><td>4<\/td><td>2026-01-21<\/td><td>Hajkvila<\/td><td>&nbsp;<\/td><td><\/td><\/tr><tr><td>v5<\/td><td>2026-01-28<\/td><td>M\u00f6rker<\/td><td><\/td><td>Victor<\/td><\/tr><tr><td>v6<\/td><td>2026-02-04<\/td><td>Teater<\/td><td><\/td><td>Alma<\/td><\/tr><tr><td>v7<\/td><td>2026-02-11<\/td><td>Allis<\/td><td>&nbsp;<\/td><td>Carl<\/td><\/tr><tr><td>v8<\/td><td>2026-02-18<\/td><td>Sportlov<\/td><td><strong>Sportlov<\/strong><\/td><td><\/td><\/tr><tr><td>v9<\/td><td>2026-02-25<\/td><td>Zombieskogen<\/td><td>Dragontorpet<\/td><td>Fredrik<\/td><\/tr><tr><td>v10<\/td><td>2026-03-04<\/td><td>L\u00e4gerb\u00e5lsfilt<\/td><td><\/td><td>Petter<\/td><\/tr><tr><td>v11<\/td><td>2026-03-11<\/td><td>L\u00e4gerb\u00e5lsfilt<\/td><td><\/td><td>Petter<\/td><\/tr><tr><td>v12<\/td><td>2026-03-18<\/td><td>Elds\u00e4kerhet<\/td><td>Ute<\/td><td>Fredrik<\/td><\/tr><tr><td>v13<\/td><td>2026-03-25<\/td><td>B\u00e4st i scout<\/td><td><\/td><td>Hugo &amp; Fredrik<\/td><\/tr><tr><td>v14<\/td><td>2026-04-01<\/td><td>P\u00e5sklov<\/td><td><strong>P\u00e5sklov<\/strong><\/td><td><\/td><\/tr><tr><td>v15<\/td><td>2026-04-08<\/td><td>Nedt\u00e4cksf\u00e4rden<\/td><td><\/td><td>Stigfinnarna<\/td><\/tr><tr><td>v15<\/td><td>2026-04-12<\/td><td>Uppt\u00e4cktsresan<\/td><td><\/td><td><\/td><\/tr><tr><td>v16<\/td><td>2026-04-15<\/td><td>Matlagning<\/td><td><\/td><td>Alma<\/td><\/tr><tr><td>v17<\/td><td>2026-04-22<\/td><td>Scoutolyckan<\/td><td><\/td><td>Carl<\/td><\/tr><tr><td>v18<\/td><td>2026-04-29<\/td><td>Scoutvila<\/td><td><\/td><td>(sista april p\u00e5 torsdag)<\/td><\/tr><tr><td>V18<\/td><td>2026-04-30<\/td><td>Sista Aprilfirande<\/td><td>Hospitaltr\u00e4dg\u00e5rden<\/td><td><\/td><\/tr><tr><td>v19<\/td><td>2026-05-06<\/td><td>Stadsorientering<\/td><td>Meddelas senare<\/td><td>Victor<\/td><\/tr><tr><td>v20<\/td><td>2026-05-13<\/td><td>Scoutvila<\/td><td>&nbsp;<\/td><td>(kristi himm. p\u00e5 torsdag)<\/td><\/tr><tr><td>v21<\/td><td>2026-05-20<\/td><td>Paddling<\/td><td>Ekolsn\u00e4s<\/td><td>Petter<\/td><\/tr><tr><td>v22<\/td><td>2026-05-27<\/td><td>Hajkf\u00f6rberedelser<\/td><td><\/td><td>Alla<\/td><\/tr><tr><td><\/td><td>2026-05-29&#8211;31 (fredag-s\u00f6ndag)<\/td><td>Hajk<\/td><td>Kolarmora\u00e5n<\/td><td>Alla<\/td><\/tr><tr><td>v23<\/td><td>2026-06-03<\/td><td>Kl\u00e4ttring och terminsavslutning<\/td><td>Dalkarlsk\u00e4rret<\/td><td>Petter<\/td><\/tr><tr><td>V23<\/td><td>2026-06-07 (s\u00f6ndag)<\/td><td>V\u00e5r k\u00e5rv\u00e5r<\/td><td><\/td><td><\/td><\/tr><tr><td>V31-32<\/td><td>2026-08-01&#8211;08<\/td><td>Sommarl\u00e4ger DUST<\/td><td>Motalatrakten<\/td><td><\/td><\/tr><\/tbody><\/table><\/figure>\n\n\n\n<p><\/p>\n\n\n\n<p><strong>Ledarpatrull \u00c4lgen S.K.<\/strong><\/p>\n\n\n\n<p><a href=\"mailto:petterbjorkman@hotmail.com\">Petter Bj\u00f6rkman<\/a>, tel <a href=\"tel:073-0956694\">0730-956694<\/a> (Avdelningsansvarig ledare)<br>Fredrik Alg\u00e5rd, tel 070 695 12 11<br>Viktor Ahlberg, tel 073 &#8211; 043 13 39<br>Alma Hodzic, tel 073 &#8211; 913 18 16<br>Carl Bagge, tel 070 &#8211; 223 13 15<br>Josef Rendek, tel 073 &#8211; 638 85 06<\/p>\n\n\n\n<p><\/p>\n\n\n\n<p class=\"has-text-align-center\"><br><img loading=\"lazy\" decoding=\"async\" width=\"600\" height=\"358\" class=\"wp-image-2860\" style=\"width: 600px;\" src=\"https:\/\/karlsro.nu\/wp-content\/uploads\/2022\/10\/image.png\" alt=\"\" srcset=\"https:\/\/karlsro.nu\/wp-content\/uploads\/2022\/10\/image.png 1356w, https:\/\/karlsro.nu\/wp-content\/uploads\/2022\/10\/image-300x179.png 300w, https:\/\/karlsro.nu\/wp-content\/uploads\/2022\/10\/image-1024x610.png 1024w, https:\/\/karlsro.nu\/wp-content\/uploads\/2022\/10\/image-768x458.png 768w\" sizes=\"auto, (max-width: 600px) 100vw, 600px\" \/><\/p>\n\n\n\n<p><\/p>\n\n\n\n<p class=\"has-text-align-center\"><strong><mark style=\"background-color:rgba(0, 0, 0, 0)\" class=\"has-inline-color has-ast-global-color-0-color\">Alltid redo!<\/mark><\/strong><\/p>\n\n\n\n<div class='printomatic pom-small-black ' id='id8929'  data-print_target='article'><\/div>\n","protected":false},"excerpt":{"rendered":"<p>V\u00e4lkommen till Skogsvandrarna, uppt\u00e4ckarscouter i Karlsro scoutk\u00e5r. V\u00e5ra onsdagsm\u00f6ten startar 18.15 och slutar 19.45. Samling vid Scoutg\u00e5rden i Uller\u00e5ker, om inget annat meddelas. Kl\u00e4der efter v\u00e4der, ta alltid med kl\u00e4der f\u00f6r uteaktiviteter!Adress: Uller\u00e5kersv\u00e4gen 32, Karta PROGRAM V\u00c5REN 2026 Vecka Datum Program Plats Ansvarig 3 2026-01-14 \u00c5rsm\u00f6te + pulka\u00e5lkning Petter 3 2026-01-17&#8211;18 Hajkvinterolympiad + lyxhajk 4 [&hellip;]<\/p>\n","protected":false},"author":1,"featured_media":0,"parent":86,"menu_order":2,"comment_status":"closed","ping_status":"closed","template":"","meta":{"site-sidebar-layout":"default","site-content-layout":"default","ast-site-content-layout":"default","site-content-style":"default","site-sidebar-style":"default","ast-global-header-display":"","ast-banner-title-visibility":"","ast-main-header-display":"","ast-hfb-above-header-display":"","ast-hfb-below-header-display":"","ast-hfb-mobile-header-display":"","site-post-title":"","ast-breadcrumbs-content":"","ast-featured-img":"","footer-sml-layout":"","ast-disable-related-posts":"","theme-transparent-header-meta":"default","adv-header-id-meta":"","stick-header-meta":"","header-above-stick-meta":"","header-main-stick-meta":"","header-below-stick-meta":"","astra-migrate-meta-layouts":"set","ast-page-background-enabled":"default","ast-page-background-meta":{"desktop":{"background-color":"","background-image":"","background-repeat":"repeat","background-position":"center center","background-size":"auto","background-attachment":"scroll","background-type":"","background-media":"","overlay-type":"","overlay-color":"","overlay-opacity":"","overlay-gradient":""},"tablet":{"background-color":"","background-image":"","background-repeat":"repeat","background-position":"center center","background-size":"auto","background-attachment":"scroll","background-type":"","background-media":"","overlay-type":"","overlay-color":"","overlay-opacity":"","overlay-gradient":""},"mobile":{"background-color":"","background-image":"","background-repeat":"repeat","background-position":"center center","background-size":"auto","background-attachment":"scroll","background-type":"","background-media":"","overlay-type":"","overlay-color":"","overlay-opacity":"","overlay-gradient":""}},"ast-content-background-meta":{"desktop":{"background-color":"var(--ast-global-color-5)","background-image":"","background-repeat":"repeat","background-position":"center center","background-size":"auto","background-attachment":"scroll","background-type":"","background-media":"","overlay-type":"","overlay-color":"","overlay-opacity":"","overlay-gradient":""},"tablet":{"background-color":"var(--ast-global-color-5)","background-image":"","background-repeat":"repeat","background-position":"center center","background-size":"auto","background-attachment":"scroll","background-type":"","background-media":"","overlay-type":"","overlay-color":"","overlay-opacity":"","overlay-gradient":""},"mobile":{"background-color":"var(--ast-global-color-5)","background-image":"","background-repeat":"repeat","background-position":"center center","background-size":"auto","background-attachment":"scroll","background-type":"","background-media":"","overlay-type":"","overlay-color":"","overlay-opacity":"","overlay-gradient":""}},"footnotes":""},"class_list":["post-92","page","type-page","status-publish","hentry"],"_links":{"self":[{"href":"https:\/\/karlsro.nu\/index.php?rest_route=\/wp\/v2\/pages\/92","targetHints":{"allow":["GET"]}}],"collection":[{"href":"https:\/\/karlsro.nu\/index.php?rest_route=\/wp\/v2\/pages"}],"about":[{"href":"https:\/\/karlsro.nu\/index.php?rest_route=\/wp\/v2\/types\/page"}],"author":[{"embeddable":true,"href":"https:\/\/karlsro.nu\/index.php?rest_route=\/wp\/v2\/users\/1"}],"replies":[{"embeddable":true,"href":"https:\/\/karlsro.nu\/index.php?rest_route=%2Fwp%2Fv2%2Fcomments&post=92"}],"version-history":[{"count":69,"href":"https:\/\/karlsro.nu\/index.php?rest_route=\/wp\/v2\/pages\/92\/revisions"}],"predecessor-version":[{"id":5091,"href":"https:\/\/karlsro.nu\/index.php?rest_route=\/wp\/v2\/pages\/92\/revisions\/5091"}],"up":[{"embeddable":true,"href":"https:\/\/karlsro.nu\/index.php?rest_route=\/wp\/v2\/pages\/86"}],"wp:attachment":[{"href":"https:\/\/karlsro.nu\/index.php?rest_route=%2Fwp%2Fv2%2Fmedia&parent=92"}],"curies":[{"name":"wp","href":"https:\/\/api.w.org\/{rel}","templated":true}]}}