{"id":91,"date":"2019-11-18T19:51:56","date_gmt":"2019-11-18T19:51:56","guid":{"rendered":"https:\/\/karlsro.nu\/?page_id=91"},"modified":"2026-02-10T13:52:04","modified_gmt":"2026-02-10T12:52:04","slug":"eldgnistorna-tisdagar","status":"publish","type":"page","link":"https:\/\/karlsro.nu\/?page_id=91","title":{"rendered":"Eldgnistorna (tisdagar)"},"content":{"rendered":"\n<h4 class=\"wp-block-heading\">Ledare<\/h4>\n\n\n\n<p>Cami Folin <br>Jossan Kr\u00fcger<br>Vaike Raag<br>Ida Wiking<br>Millaray Marincevic<br>Roos Westerlund<br>Peter Dickens<br><br><em><strong>Kontakt: <a href=\"mailto:cami.folin@gmail.com\" target=\"_blank\" rel=\"noreferrer noopener\">cami.folin@gmail.com<\/a><\/strong><\/em><\/p>\n\n\n\n<h4 class=\"wp-block-heading\"><strong>H\u00f6stterminen 2025<\/strong><\/h4>\n\n\n\n<p>Eldgnistorna tr\u00e4ffas varje tisdag, 18.15-19.45, vid Scoutg\u00e5rden i Uller\u00e5ker<a href=\"https:\/\/goo.gl\/maps\/CXx3wE8LaDyXpyPcA\" data-type=\"link\" data-id=\"https:\/\/goo.gl\/maps\/CXx3wE8LaDyXpyPcA\"> (Uller\u00e5kersv\u00e4gen 32)<\/a> om inget annat anges. <br><br>Oftast \u00e4r vi ute hela eller delar av m\u00f6tet, s\u00e5 se till att ha kl\u00e4der efter v\u00e4der! Information inf\u00f6r m\u00f6ten (t.ex. om vi \u00e4r p\u00e5 ett annat st\u00e4lle eller om scouterna ska ta med n\u00e5got) skicks ut via mail ett par dagar innan m\u00f6tet. H\u00f6r av er till oss ledare om ni inte f\u00e5r mejl. <\/p>\n\n\n\n<p><\/p>\n\n\n\n<div class=\"wp-block-columns is-layout-flex wp-container-core-columns-is-layout-28f84493 wp-block-columns-is-layout-flex\">\n<div class=\"wp-block-column is-layout-flow wp-block-column-is-layout-flow\" style=\"flex-basis:100%\">\n<div class=\"wp-block-columns is-layout-flex wp-container-core-columns-is-layout-28f84493 wp-block-columns-is-layout-flex\">\n<div class=\"wp-block-column is-layout-flow wp-block-column-is-layout-flow\" style=\"flex-basis:100%\">\n<figure class=\"wp-block-table alignwide is-style-regular\" style=\"margin-top:0;margin-right:0;margin-bottom:0;margin-left:0;padding-right:0;padding-left:0;font-size:15px;line-height:1.3;text-transform:none\"><table style=\"border-width:1px\"><tbody><tr><td class=\"has-text-align-left\" data-align=\"left\"><strong>DATUM<\/strong>        <\/td><td><strong>AKTIVITET<\/strong><\/td><td><strong>PLATS<\/strong><\/td><\/tr><tr><td class=\"has-text-align-left\" data-align=\"left\">Ti 13\/1<\/td><td>Terminsstart \u2013 pulka<br><br><strong>Ta med:<\/strong> fika, n\u00e5got varmt att dricka, \u00e5kdon, hj\u00e4lm och sittunderlag. <\/td><td><a href=\"https:\/\/maps.app.goo.gl\/Ana6SqPb53fYzv2m8\">Gamla scoutg\u00e5rden<\/a><\/td><\/tr><tr><td class=\"has-text-align-left\" data-align=\"left\">Ti 20\/1<\/td><td>Demokratim\u00f6te<br><br>Ett m\u00f6te d\u00e4r scouterna f\u00e5r s\u00e4ga vad de tycker och vara med och best\u00e4mma. <\/td><td><a href=\"https:\/\/goo.gl\/maps\/433Do67wGyz4pT298\">Scoutg\u00e5rden<\/a><\/td><\/tr><tr><td class=\"has-text-align-left\" data-align=\"left\">Ti 27\/1<\/td><td>Matlagning<\/td><td><a href=\"https:\/\/goo.gl\/maps\/433Do67wGyz4pT298\">Scoutg\u00e5rden<\/a><\/td><\/tr><tr><td class=\"has-text-align-left\" data-align=\"left\">Ti 3\/2<\/td><td>\u00d6nskem\u00f6te<br><br>P\u00e5 demokratim\u00f6tet best\u00e4mmer scouterna vad vi ska g\u00f6ra p\u00e5 detta m\u00f6te. Vi bakar pizza. <\/td><td><a href=\"https:\/\/goo.gl\/maps\/433Do67wGyz4pT298\">Scoutg\u00e5rden<\/a><\/td><\/tr><tr><td class=\"has-text-align-left\" data-align=\"left\">Ti 10\/2<\/td><td>Isvett (skridskor)<br><br><strong>Ta med: <\/strong>skridskor, hj\u00e4lm och isdubbar (om man har det). Kl\u00e4der efter v\u00e4der! <\/td><td>Eriksbergsskolans grusplan n\u00e4ra <br><a href=\"https:\/\/goo.gl\/maps\/433Do67wGyz4pT298\"><a href=\"https:\/\/maps.app.goo.gl\/Ana6SqPb53fYzv2m8\">Gamla scoutg\u00e5rden<\/a><\/a><\/td><\/tr><tr><td class=\"has-text-align-left\" data-align=\"left\">Ti 17\/2<\/td><td>Sportlov <em>(scoutvila)<\/em><\/td><td><\/td><\/tr><tr><td class=\"has-text-align-left\" data-align=\"left\">Ti 24\/2<\/td><td>T\u00e5rtbakart\u00e4vling<br><br>Cami har fyllt \u00e5r och det firar vi p\u00e5 scoutm\u00f6tet med en traditionsenlig t\u00e5rtbakart\u00e4vling. Meddela allergier!<\/td><td><a href=\"https:\/\/goo.gl\/maps\/433Do67wGyz4pT298\">Scoutg\u00e5rden<\/a><\/td><\/tr><tr><td class=\"has-text-align-left\" data-align=\"left\">Ti 3\/3<\/td><td>Knopar och surrning<br><br><strong>Ta med: <\/strong>eventuellt knoprep<\/td><td><a href=\"https:\/\/goo.gl\/maps\/433Do67wGyz4pT298\">Scoutg\u00e5rden<\/a><\/td><\/tr><tr><td class=\"has-text-align-left\" data-align=\"left\">Ti 10\/3<\/td><td>Orientering<\/td><td><a href=\"https:\/\/goo.gl\/maps\/433Do67wGyz4pT298\"><\/a><a href=\"https:\/\/maps.app.goo.gl\/8rKngFdNRiGySdSc9\"><a href=\"https:\/\/goo.gl\/maps\/433Do67wGyz4pT298\"><a href=\"https:\/\/maps.app.goo.gl\/Ana6SqPb53fYzv2m8\">Gamla scoutg\u00e5rden<\/a><\/a><\/a><\/td><\/tr><tr><td class=\"has-text-align-left\" data-align=\"left\">Ti 17\/3<\/td><td>Pyssla<\/td><td><a href=\"https:\/\/goo.gl\/maps\/433Do67wGyz4pT298\"><a href=\"https:\/\/goo.gl\/maps\/433Do67wGyz4pT298\">Scoutg\u00e5rden<\/a><\/a><\/td><\/tr><tr><td class=\"has-text-align-left\" data-align=\"left\">Ti 24\/3<\/td><td>Sjukv\u00e5rd  <\/td><td><a href=\"https:\/\/goo.gl\/maps\/433Do67wGyz4pT298\"><\/a><a href=\"https:\/\/goo.gl\/maps\/433Do67wGyz4pT298\">Scoutg\u00e5rden<\/a><\/td><\/tr><tr><td class=\"has-text-align-left\" data-align=\"left\">Ti 31\/3<\/td><td>P\u00e5sklov <em>(scoutvila)<\/em><\/td><td><a href=\"https:\/\/goo.gl\/maps\/433Do67wGyz4pT298\">Scoutg\u00e5rden<\/a><\/td><\/tr><tr><td class=\"has-text-align-left\" data-align=\"left\">Ti 7\/4<\/td><td>Scout i test<br><br>Scoutversionen av <em>B\u00e4st i test<\/em>. <\/td><td><a href=\"https:\/\/goo.gl\/maps\/433Do67wGyz4pT298\">Scoutg\u00e5rden<\/a><\/td><\/tr><tr><td class=\"has-text-align-left\" data-align=\"left\">S\u00f6 12\/4 <\/td><td>Uppt\u00e4cktsresan<br><br>En t\u00e4vling f\u00f6r uppt\u00e4ckare d\u00e4r patrullerna tar sig runt en bana, l\u00f6ser kluriga uppgifter och utmaningar och t\u00e4vlar i samarbete och scoutkunskap.<\/td><td>H\u00e5bo scoutk\u00e5r <\/td><\/tr><tr><td class=\"has-text-align-left\" data-align=\"left\">Ti 14\/4<\/td><td>Scoutvila<\/td><td><\/td><\/tr><tr><td class=\"has-text-align-left\" data-align=\"left\">Ti 21\/4<\/td><td>T\u00e4lja<br><br>S\u00e4ker knivanv\u00e4ndning och hur kniven hanteras och sk\u00f6ts. De som har knivbevis f\u00e5r prova s\u00e5g och yxa. <br><br><strong>Ta med:<\/strong> kniv (om scouten har en egen)<\/td><td><a href=\"https:\/\/goo.gl\/maps\/433Do67wGyz4pT298\">Scoutg\u00e5rden<\/a><\/td><\/tr><tr><td class=\"has-text-align-left\" data-align=\"left\">Ti 28\/4<\/td><td>Studiebes\u00f6k<\/td><td><\/td><\/tr><tr><td class=\"has-text-align-left\" data-align=\"left\">Ti 5\/5<\/td><td>Eldstafett<br><br>Eldstafett \u00e4r en lek d\u00e4r vi samarbetar f\u00f6r att snabbt och s\u00e4kert f\u00e5 eld.<br><br><strong>Ta med:<\/strong> kniv (om scouten har en egen), hajkbricka<\/td><td><a href=\"https:\/\/karlsro.nu\/?page_id=125\">Dragontorpet<\/a><\/td><\/tr><tr><td class=\"has-text-align-left\" data-align=\"left\">Ti 12\/5<\/td><td>Vandring<br><br>\u00d6vning inf\u00f6r hajken. <br><br><strong>Ta med:<\/strong> n\u00e5got att dricka, fika och bekv\u00e4ma skor.<\/td><td><a href=\"https:\/\/goo.gl\/maps\/433Do67wGyz4pT298\">Scoutg\u00e5rden<\/a><\/td><\/tr><tr><td class=\"has-text-align-left\" data-align=\"left\">Ti 19\/5<\/td><td>Paddla kanot <br><br><strong>Obs! L\u00e4ngre m\u00f6te kl. 18:00 &#8211; 20:00.<\/strong><\/td><td><a href=\"https:\/\/www.google.se\/maps\/place\/F%C3%B6reningen+F%C3%B6reningsg%C3%A5rden+Ekolnsn%C3%A4s\/@59.7906289,17.6166443,16z\/data=!4m6!3m5!1s0x465fcbfc4ecacb23:0x41e5c3afce1aee63!8m2!3d59.789151!4d17.6193267!16s%2Fg%2F1hc37thlm?entry=ttu\" target=\"_blank\" rel=\"noreferrer noopener\">Ekolnsn\u00e4s<\/a><\/td><\/tr><tr><td class=\"has-text-align-left\" data-align=\"left\">Ti 26\/5<\/td><td>Kl\u00e4ttring<\/td><td><a href=\"https:\/\/www.google.se\/maps\/place\/Dalkarlsk%C3%A4rret\/@59.7833058,17.5737718,1404m\/data=!3m1!1e3!4m14!1m7!3m6!1s0x465fca07965751d7:0x2e0f84d618960723!2sDalkarlsk%C3%A4rret!8m2!3d59.7769589!4d17.5850816!16s%2Fg%2F11bc8d8yss!3m5!1s0x465fcb7e17d64815:0xbe07eb307557fdf8!8m2!3d59.7821874!4d17.5763891!16s%2Fg%2F11tsjw7c2b?entry=ttu\">Kl\u00e4ttring Dalkarsk\u00e4rret<\/a><\/td><\/tr><tr><td class=\"has-text-align-left\" data-align=\"left\">L\u00f6 30\/5 <br>&#8211; <br>S\u00f6 31\/5<\/td><td>Vandringshajk<br><br>Vandring med egen packning fr\u00e5n brukshundsklubben till Dragontorpet d\u00e4r vi \u00f6vernattar. Scouterna v\u00e4ljer sj\u00e4lva om de vill sova i torpet eller i t\u00e4lt.<\/td><td><a href=\"https:\/\/karlsro.nu\/?page_id=125\">Dragontorpet<\/a><\/td><\/tr><tr><td class=\"has-text-align-left\" data-align=\"left\">L\u00f6 1\/8 <br>&#8211; <br>L\u00f6 8\/8<\/td><td>Sommarl\u00e4ger<br><br>DUST 2026 \u00e4r ett scoutl\u00e4ger fyllt av \u00e4ventyr, gemenskap och roliga utmaningar.<br><a href=\"https:\/\/web.cdn.scouterna.net\/uploads\/sites\/888\/2025\/09\/lagerbrev-1-dust-2026.pdf\">L\u00e4gerbrev<\/a>.<\/td><td>Motala<\/td><\/tr><tr><td class=\"has-text-align-left\" data-align=\"left\">September 2026<\/td><td>H\u00f6stterminen startar<\/td><td><\/td><\/tr><\/tbody><\/table><\/figure>\n<\/div>\n<\/div>\n<\/div>\n<\/div>\n\n\n\n<p>Informationen kan komma att \u00e4ndras s\u00e5 ta f\u00f6r vana att kolla i kalendern med j\u00e4mna mellanrum.<\/p>\n\n\n\n<p><strong>Inneh\u00e5ll i k\u00e5sp\u00e5se<\/strong>: mugg eller dryckesk\u00e5sa, tallrik eller matk\u00e5sa att \u00e4ta ur, bestick eller spork, diskhandduk<\/p>\n\n\n\n<p><strong>Scoutskjorta:<\/strong> Scoutskjorta kan du best\u00e4lla den via <a href=\"https:\/\/www.scoutshop.se\/scoutdrakt\/scoutskjortor\">Scouternas webbshop<\/a>. Ibland finns \u00e4ven begagnade skjortor till l\u00e4gre pris i Scoutg\u00e5rden &#8211; kontakta oss ledare om du \u00e4r intresserad. Os\u00e4ker p\u00e5 hur man syr p\u00e5 m\u00e4rken? <a href=\"https:\/\/www.scoutshop.se\/guider\/markesguide\">H\u00e4r&nbsp;<\/a>ser du hur scoutm\u00e4rkerna ska placeras p\u00e5 scoutskjortan.<\/p>\n\n\n\n<p><\/p>\n","protected":false},"excerpt":{"rendered":"<p>Ledare Cami Folin Jossan Kr\u00fcgerVaike RaagIda WikingMillaray MarincevicRoos WesterlundPeter Dickens Kontakt: cami.folin@gmail.com H\u00f6stterminen 2025 Eldgnistorna tr\u00e4ffas varje tisdag, 18.15-19.45, vid Scoutg\u00e5rden i Uller\u00e5ker (Uller\u00e5kersv\u00e4gen 32) om inget annat anges. Oftast \u00e4r vi ute hela eller delar av m\u00f6tet, s\u00e5 se till att ha kl\u00e4der efter v\u00e4der! Information inf\u00f6r m\u00f6ten (t.ex. om vi \u00e4r p\u00e5 ett [&hellip;]<\/p>\n","protected":false},"author":1,"featured_media":0,"parent":86,"menu_order":1,"comment_status":"closed","ping_status":"closed","template":"","meta":{"site-sidebar-layout":"default","site-content-layout":"default","ast-site-content-layout":"default","site-content-style":"default","site-sidebar-style":"default","ast-global-header-display":"","ast-banner-title-visibility":"","ast-main-header-display":"","ast-hfb-above-header-display":"","ast-hfb-below-header-display":"","ast-hfb-mobile-header-display":"","site-post-title":"","ast-breadcrumbs-content":"","ast-featured-img":"","footer-sml-layout":"","ast-disable-related-posts":"","theme-transparent-header-meta":"default","adv-header-id-meta":"","stick-header-meta":"","header-above-stick-meta":"","header-main-stick-meta":"","header-below-stick-meta":"","astra-migrate-meta-layouts":"set","ast-page-background-enabled":"default","ast-page-background-meta":{"desktop":{"background-color":"","background-image":"","background-repeat":"repeat","background-position":"center center","background-size":"auto","background-attachment":"scroll","background-type":"","background-media":"","overlay-type":"","overlay-color":"","overlay-opacity":"","overlay-gradient":""},"tablet":{"background-color":"","background-image":"","background-repeat":"repeat","background-position":"center center","background-size":"auto","background-attachment":"scroll","background-type":"","background-media":"","overlay-type":"","overlay-color":"","overlay-opacity":"","overlay-gradient":""},"mobile":{"background-color":"","background-image":"","background-repeat":"repeat","background-position":"center center","background-size":"auto","background-attachment":"scroll","background-type":"","background-media":"","overlay-type":"","overlay-color":"","overlay-opacity":"","overlay-gradient":""}},"ast-content-background-meta":{"desktop":{"background-color":"var(--ast-global-color-5)","background-image":"","background-repeat":"repeat","background-position":"center center","background-size":"auto","background-attachment":"scroll","background-type":"","background-media":"","overlay-type":"","overlay-color":"","overlay-opacity":"","overlay-gradient":""},"tablet":{"background-color":"var(--ast-global-color-5)","background-image":"","background-repeat":"repeat","background-position":"center center","background-size":"auto","background-attachment":"scroll","background-type":"","background-media":"","overlay-type":"","overlay-color":"","overlay-opacity":"","overlay-gradient":""},"mobile":{"background-color":"var(--ast-global-color-5)","background-image":"","background-repeat":"repeat","background-position":"center center","background-size":"auto","background-attachment":"scroll","background-type":"","background-media":"","overlay-type":"","overlay-color":"","overlay-opacity":"","overlay-gradient":""}},"footnotes":""},"class_list":["post-91","page","type-page","status-publish","hentry"],"_links":{"self":[{"href":"https:\/\/karlsro.nu\/index.php?rest_route=\/wp\/v2\/pages\/91","targetHints":{"allow":["GET"]}}],"collection":[{"href":"https:\/\/karlsro.nu\/index.php?rest_route=\/wp\/v2\/pages"}],"about":[{"href":"https:\/\/karlsro.nu\/index.php?rest_route=\/wp\/v2\/types\/page"}],"author":[{"embeddable":true,"href":"https:\/\/karlsro.nu\/index.php?rest_route=\/wp\/v2\/users\/1"}],"replies":[{"embeddable":true,"href":"https:\/\/karlsro.nu\/index.php?rest_route=%2Fwp%2Fv2%2Fcomments&post=91"}],"version-history":[{"count":250,"href":"https:\/\/karlsro.nu\/index.php?rest_route=\/wp\/v2\/pages\/91\/revisions"}],"predecessor-version":[{"id":5149,"href":"https:\/\/karlsro.nu\/index.php?rest_route=\/wp\/v2\/pages\/91\/revisions\/5149"}],"up":[{"embeddable":true,"href":"https:\/\/karlsro.nu\/index.php?rest_route=\/wp\/v2\/pages\/86"}],"wp:attachment":[{"href":"https:\/\/karlsro.nu\/index.php?rest_route=%2Fwp%2Fv2%2Fmedia&parent=91"}],"curies":[{"name":"wp","href":"https:\/\/api.w.org\/{rel}","templated":true}]}}