{"id":6,"date":"2019-11-14T19:32:35","date_gmt":"2019-11-14T18:32:35","guid":{"rendered":"https:\/\/karlsro.nu\/?page_id=6"},"modified":"2025-07-03T23:42:42","modified_gmt":"2025-07-03T22:42:42","slug":"nya-umoma-valkomnar-allmanheten-2","status":"publish","type":"page","link":"https:\/\/karlsro.nu\/","title":{"rendered":"Hem"},"content":{"rendered":"\n<div class=\"inherit-container-width wp-block-group alignfull is-layout-constrained wp-block-group-is-layout-constrained\"><div class=\"wp-block-group__inner-container\">\n<div class=\"wp-block-cover\" style=\"min-height:600px;aspect-ratio:unset;\"><img loading=\"lazy\" decoding=\"async\" width=\"2000\" height=\"1333\" class=\"wp-block-cover__image-background wp-image-34\" alt=\"\" src=\"https:\/\/karlsro.nu\/wp-content\/uploads\/2019\/11\/dragontorpet.jpg\" style=\"object-position:0% 78%\" data-object-fit=\"cover\" data-object-position=\"0% 78%\" srcset=\"https:\/\/karlsro.nu\/wp-content\/uploads\/2019\/11\/dragontorpet.jpg 2000w, https:\/\/karlsro.nu\/wp-content\/uploads\/2019\/11\/dragontorpet-300x200.jpg 300w, https:\/\/karlsro.nu\/wp-content\/uploads\/2019\/11\/dragontorpet-1024x682.jpg 1024w, https:\/\/karlsro.nu\/wp-content\/uploads\/2019\/11\/dragontorpet-768x512.jpg 768w, https:\/\/karlsro.nu\/wp-content\/uploads\/2019\/11\/dragontorpet-1536x1024.jpg 1536w, https:\/\/karlsro.nu\/wp-content\/uploads\/2019\/11\/dragontorpet-1200x800.jpg 1200w, https:\/\/karlsro.nu\/wp-content\/uploads\/2019\/11\/dragontorpet-1980x1320.jpg 1980w\" sizes=\"auto, (max-width: 2000px) 100vw, 2000px\" \/><span aria-hidden=\"true\" class=\"wp-block-cover__background has-background-dim-0 has-background-dim\"><\/span><div class=\"wp-block-cover__inner-container is-layout-flow wp-block-cover-is-layout-flow\">\n<p class=\"has-text-align-center has-ast-global-color-5-color has-text-color has-link-color has-large-font-size wp-elements-ea0b058b83bf32e204e90b512d49fb12\">V\u00e4lkommen till Karlsro Scoutk\u00e5r, \u00e4ventyr p\u00e5 riktigt!<\/p>\n<\/div><\/div>\n<\/div><\/div>\n\n\n\n<div style=\"height:25px\" aria-hidden=\"true\" class=\"wp-block-spacer\"><\/div>\n\n\n\n<div class=\"wp-block-columns alignwide is-layout-flex wp-container-core-columns-is-layout-28f84493 wp-block-columns-is-layout-flex\">\n<div class=\"wp-block-column is-layout-flow wp-block-column-is-layout-flow\">\n<p><\/p>\n\n\n\n<div class=\"inherit-container-width wp-block-group is-layout-constrained wp-block-group-is-layout-constrained\"><div class=\"wp-block-group__inner-container\">\n<figure class=\"wp-block-image aligncenter size-large is-resized is-style-circle-mask is-style-default\"><img decoding=\"async\" src=\"https:\/\/web.cdn.scouterna.net\/uploads\/sites\/193\/2018\/05\/puffbild_4_scouter_runt_lagerbal.jpg\" alt=\"\" style=\"width:350px;height:undefinedpx\"\/><figcaption class=\"wp-element-caption\"><a href=\"https:\/\/karlsro.nu\/?page_id=56\">Avdelningar<\/a><\/figcaption><\/figure>\n<\/div><\/div>\n<\/div>\n\n\n\n<div class=\"wp-block-column is-layout-flow wp-block-column-is-layout-flow\">\n<p><\/p>\n\n\n\n<div class=\"inherit-container-width wp-block-group is-layout-constrained wp-block-group-is-layout-constrained\"><div class=\"wp-block-group__inner-container\">\n<div class=\"inherit-container-width wp-block-group is-layout-constrained wp-block-group-is-layout-constrained\"><div class=\"wp-block-group__inner-container\">\n<figure class=\"wp-block-image aligncenter size-large is-resized is-style-circle-mask\"><img decoding=\"async\" src=\"https:\/\/web.cdn.scouterna.net\/uploads\/sites\/193\/2018\/02\/scoutlilja.png\" alt=\"\" style=\"width:337px;height:337px\"\/><figcaption class=\"wp-element-caption\"><a href=\"https:\/\/karlsro.nu\/?page_id=252\">Ledare<\/a><\/figcaption><\/figure>\n<\/div><\/div>\n<\/div><\/div>\n\n\n\n<p><\/p>\n<\/div>\n\n\n\n<div class=\"wp-block-column is-layout-flow wp-block-column-is-layout-flow\">\n<p><\/p>\n\n\n\n<figure class=\"wp-block-image aligncenter size-large is-resized\"><a href=\"https:\/\/scoutnet.se\/register\/in\/group\/851\"><img loading=\"lazy\" decoding=\"async\" width=\"385\" height=\"370\" src=\"https:\/\/karlsro.nu\/wp-content\/uploads\/2020\/08\/blad_bli-scout_385x370-1.png\" alt=\"\" class=\"wp-image-434\" style=\"aspect-ratio:1;width:162px;height:auto\" srcset=\"https:\/\/karlsro.nu\/wp-content\/uploads\/2020\/08\/blad_bli-scout_385x370-1.png 385w, https:\/\/karlsro.nu\/wp-content\/uploads\/2020\/08\/blad_bli-scout_385x370-1-300x288.png 300w\" sizes=\"auto, (max-width: 385px) 100vw, 385px\" \/><\/a><figcaption class=\"wp-element-caption\">Vill du bli scout? <br>G\u00f6r din intresseanm\u00e4lan h\u00e4r:<br><a href=\"https:\/\/scoutnet.se\/register\/in\/group\/851\/styles\/disable\">Intresseanm\u00e4lan<\/a><\/figcaption><\/figure>\n<\/div>\n<\/div>\n\n\n\n<div class=\"inherit-container-width wp-block-group alignwide has-background is-layout-constrained wp-block-group-is-layout-constrained\" style=\"background-color:#ffffff\"><div class=\"wp-block-group__inner-container\">\n<figure class=\"wp-block-image aligncenter size-large\"><img decoding=\"async\" src=\"https:\/\/web.cdn.scouterna.net\/uploads\/sites\/193\/2018\/02\/scouter_gar_pa_skogsstig_pa_jamboree17.jpg\" alt=\"\"\/><figcaption class=\"wp-element-caption\"><strong>Karlsroropet<\/strong><br>Genom skog och \u00f6ver \u00e4ng,<br> kommer vi v\u00e5rt glada g\u00e4ng.<br> K\u00e4cka scouter i bl\u00e5 kl\u00e4der,<br> vi st\u00e5r pall f\u00f6r alla v\u00e4der.<br> Ingenting kan hindra oss.<br> Vilka d\u00e5?<br>KARLSRO F\u00d6RST\u00c5S!<\/figcaption><\/figure>\n<\/div><\/div>\n\n\n\n<figure class=\"wp-block-image aligncenter size-large\"><img decoding=\"async\" src=\"https:\/\/web.cdn.scouterna.net\/uploads\/sites\/193\/2018\/01\/hero3_hw05082017-_hwe1950.jpg\" alt=\"\"\/><figcaption class=\"wp-element-caption\"><a href=\"https:\/\/karlsro.nu\/?page_id=3550\" data-type=\"page\" data-id=\"3550\">Karlsros st\u00f6dfond<\/a> finns till f\u00f6r att alla ska kunna vara scouter, oavsett ekonomisk situation. <\/figcaption><\/figure>\n","protected":false},"excerpt":{"rendered":"","protected":false},"author":1,"featured_media":0,"parent":0,"menu_order":1,"comment_status":"closed","ping_status":"closed","template":"","meta":{"site-sidebar-layout":"right-sidebar","site-content-layout":"plain-container","ast-site-content-layout":"normal-width-container","site-content-style":"unboxed","site-sidebar-style":"unboxed","ast-global-header-display":"","ast-banner-title-visibility":"","ast-main-header-display":"","ast-hfb-above-header-display":"","ast-hfb-below-header-display":"","ast-hfb-mobile-header-display":"","site-post-title":"disabled","ast-breadcrumbs-content":"","ast-featured-img":"","footer-sml-layout":"","ast-disable-related-posts":"","theme-transparent-header-meta":"disabled","adv-header-id-meta":"","stick-header-meta":"","header-above-stick-meta":"","header-main-stick-meta":"","header-below-stick-meta":"","astra-migrate-meta-layouts":"set","ast-page-background-enabled":"default","ast-page-background-meta":{"desktop":{"background-color":"","background-image":"","background-repeat":"repeat","background-position":"center center","background-size":"auto","background-attachment":"scroll","background-type":"","background-media":"","overlay-type":"","overlay-color":"","overlay-opacity":"","overlay-gradient":""},"tablet":{"background-color":"","background-image":"","background-repeat":"repeat","background-position":"center center","background-size":"auto","background-attachment":"scroll","background-type":"","background-media":"","overlay-type":"","overlay-color":"","overlay-opacity":"","overlay-gradient":""},"mobile":{"background-color":"","background-image":"","background-repeat":"repeat","background-position":"center center","background-size":"auto","background-attachment":"scroll","background-type":"","background-media":"","overlay-type":"","overlay-color":"","overlay-opacity":"","overlay-gradient":""}},"ast-content-background-meta":{"desktop":{"background-color":"var(--ast-global-color-5)","background-image":"","background-repeat":"repeat","background-position":"center center","background-size":"auto","background-attachment":"scroll","background-type":"","background-media":"","overlay-type":"","overlay-color":"","overlay-opacity":"","overlay-gradient":""},"tablet":{"background-color":"var(--ast-global-color-5)","background-image":"","background-repeat":"repeat","background-position":"center center","background-size":"auto","background-attachment":"scroll","background-type":"","background-media":"","overlay-type":"","overlay-color":"","overlay-opacity":"","overlay-gradient":""},"mobile":{"background-color":"var(--ast-global-color-5)","background-image":"","background-repeat":"repeat","background-position":"center center","background-size":"auto","background-attachment":"scroll","background-type":"","background-media":"","overlay-type":"","overlay-color":"","overlay-opacity":"","overlay-gradient":""}},"footnotes":""},"class_list":["post-6","page","type-page","status-publish","hentry"],"_links":{"self":[{"href":"https:\/\/karlsro.nu\/index.php?rest_route=\/wp\/v2\/pages\/6","targetHints":{"allow":["GET"]}}],"collection":[{"href":"https:\/\/karlsro.nu\/index.php?rest_route=\/wp\/v2\/pages"}],"about":[{"href":"https:\/\/karlsro.nu\/index.php?rest_route=\/wp\/v2\/types\/page"}],"author":[{"embeddable":true,"href":"https:\/\/karlsro.nu\/index.php?rest_route=\/wp\/v2\/users\/1"}],"replies":[{"embeddable":true,"href":"https:\/\/karlsro.nu\/index.php?rest_route=%2Fwp%2Fv2%2Fcomments&post=6"}],"version-history":[{"count":168,"href":"https:\/\/karlsro.nu\/index.php?rest_route=\/wp\/v2\/pages\/6\/revisions"}],"predecessor-version":[{"id":4635,"href":"https:\/\/karlsro.nu\/index.php?rest_route=\/wp\/v2\/pages\/6\/revisions\/4635"}],"wp:attachment":[{"href":"https:\/\/karlsro.nu\/index.php?rest_route=%2Fwp%2Fv2%2Fmedia&parent=6"}],"curies":[{"name":"wp","href":"https:\/\/api.w.org\/{rel}","templated":true}]}}