{"id":56,"date":"2019-11-18T18:24:48","date_gmt":"2019-11-18T17:24:48","guid":{"rendered":"https:\/\/karlsro.nu\/?page_id=56"},"modified":"2025-10-20T07:57:57","modified_gmt":"2025-10-20T06:57:57","slug":"avdelningar","status":"publish","type":"page","link":"https:\/\/karlsro.nu\/?page_id=56","title":{"rendered":"Avdelningar"},"content":{"rendered":"\n<h1 class=\"wp-block-heading\">Avdelningar<\/h1>\n\n\n\n<p>Du kan b\u00f6rja i Karlsro scoutk\u00e5r n\u00e4r du g\u00e5r i f\u00f6rskoleklass, som B\u00e4ver (\u00e5k F-1). Sedan v\u00e4xa vidare via Sp\u00e5rare (\u00e5k 2-3), Uppt\u00e4ckare (\u00e5k 4-5), \u00c4ventyrare (\u00e5k 6-8) samt Utmanarscouter (\u00e5k 9-GY3). F\u00f6r de \u00e4ldsta finns Rover (19-25 \u00e5r). Karlsro \u00e4r en av Sveriges st\u00f6rsta scoutk\u00e5rer och alla \u00e4r v\u00e4lkomna att vara med!<\/p>\n\n\n\n<h2 class=\"wp-block-heading\"><a href=\"https:\/\/karlsro.nu\/?page_id=62\">B\u00e4ver 6-7 \u00e5r (\u00e5k F-1)<\/a><\/h2>\n\n\n\n<ul class=\"wp-block-list\">\n<li><a href=\"https:\/\/karlsro.nu\/?page_id=65\">Gnagarna (varannan s\u00f6ndag)<\/a><\/li>\n<\/ul>\n\n\n\n<h2 class=\"wp-block-heading\"><a href=\"https:\/\/karlsro.nu\/?page_id=69\">Sp\u00e5rare 8-9 \u00e5r (\u00e5k 2-3)<\/a><\/h2>\n\n\n\n<ul class=\"wp-block-list\">\n<li><a href=\"https:\/\/karlsro.nu\/?page_id=71\">Gr\u00f6ng\u00f6lingarna (tisdagar)<\/a><\/li>\n\n\n\n<li><a href=\"https:\/\/karlsro.nu\/?page_id=79\">Tr\u00e4dkramarna (onsdagar)<\/a><\/li>\n\n\n\n<li><a href=\"https:\/\/karlsro.nu\/?page_id=81\">Sm\u00e5spanarna (torsdagar)<\/a><\/li>\n<\/ul>\n\n\n\n<h2 class=\"wp-block-heading\"><a href=\"https:\/\/karlsro.nu\/?page_id=86\">Uppt\u00e4ckare 10-11 \u00e5r (\u00e5k 4-5)<\/a><\/h2>\n\n\n\n<ul class=\"wp-block-list\">\n<li><a href=\"https:\/\/karlsro.nu\/?page_id=91\">Eldgnistorna (tisdagar)<\/a><\/li>\n\n\n\n<li><a href=\"https:\/\/karlsro.nu\/?page_id=92\">Skogsvandrarna (onsdagar)<\/a><\/li>\n\n\n\n<li><a href=\"https:\/\/karlsro.nu\/?page_id=94\">Bergknallarna (torsdagar)<\/a><\/li>\n<\/ul>\n\n\n\n<h2 class=\"wp-block-heading\"><a href=\"https:\/\/karlsro.nu\/?page_id=95\">\u00c4ventyrare 12-14 \u00e5r (\u00e5k 6-8)<\/a><\/h2>\n\n\n\n<ul class=\"wp-block-list\">\n<li><a href=\"https:\/\/karlsro.nu\/?page_id=397\" data-type=\"page\" data-id=\"397\">Polfararna (tisdagar)<\/a><\/li>\n\n\n\n<li><a href=\"https:\/\/karlsro.nu\/?page_id=97\">Stigfinnarna (onsdagar)<\/a><\/li>\n\n\n\n<li><a href=\"https:\/\/karlsro.nu\/?page_id=98\">Nybyggarna (torsdagar)<\/a><\/li>\n<\/ul>\n\n\n\n<h2 class=\"wp-block-heading\"><a href=\"https:\/\/karlsro.nu\/?page_id=99\">Utmanare 15-18 \u00e5r (\u00e5k 9-GY3)<\/a><\/h2>\n\n\n\n<ul class=\"wp-block-list\">\n<li><a href=\"https:\/\/karlsro.nu\/?page_id=100\">Nattm\u00f6ssorna (m\u00e5ndagar)<\/a><\/li>\n\n\n\n<li><a href=\"https:\/\/karlsro.nu\/?page_id=393\" data-type=\"page\" data-id=\"393\">Fossingarna (m\u00e5ndag)<\/a><\/li>\n\n\n\n<li><a href=\"https:\/\/karlsro.nu\/?page_id=1702\" data-type=\"page\" data-id=\"1702\">Hobbitarna (m\u00e5ndag)<\/a><\/li>\n<\/ul>\n\n\n\n<h2 class=\"wp-block-heading\"><a href=\"https:\/\/karlsro.nu\/?page_id=101\">Rover 19-25 \u00e5r<\/a><\/h2>\n\n\n\n<p><\/p>\n","protected":false},"excerpt":{"rendered":"<p>Avdelningar Du kan b\u00f6rja i Karlsro scoutk\u00e5r n\u00e4r du g\u00e5r i f\u00f6rskoleklass, som B\u00e4ver (\u00e5k F-1). Sedan v\u00e4xa vidare via Sp\u00e5rare (\u00e5k 2-3), Uppt\u00e4ckare (\u00e5k 4-5), \u00c4ventyrare (\u00e5k 6-8) samt Utmanarscouter (\u00e5k 9-GY3). F\u00f6r de \u00e4ldsta finns Rover (19-25 \u00e5r). Karlsro \u00e4r en av Sveriges st\u00f6rsta scoutk\u00e5rer och alla \u00e4r v\u00e4lkomna att vara med! B\u00e4ver [&hellip;]<\/p>\n","protected":false},"author":1,"featured_media":0,"parent":0,"menu_order":3,"comment_status":"closed","ping_status":"closed","template":"","meta":{"site-sidebar-layout":"default","site-content-layout":"default","ast-site-content-layout":"default","site-content-style":"default","site-sidebar-style":"default","ast-global-header-display":"","ast-banner-title-visibility":"","ast-main-header-display":"","ast-hfb-above-header-display":"","ast-hfb-below-header-display":"","ast-hfb-mobile-header-display":"","site-post-title":"disabled","ast-breadcrumbs-content":"","ast-featured-img":"","footer-sml-layout":"","ast-disable-related-posts":"","theme-transparent-header-meta":"default","adv-header-id-meta":"","stick-header-meta":"","header-above-stick-meta":"","header-main-stick-meta":"","header-below-stick-meta":"","astra-migrate-meta-layouts":"set","ast-page-background-enabled":"default","ast-page-background-meta":{"desktop":{"background-color":"","background-image":"","background-repeat":"repeat","background-position":"center center","background-size":"auto","background-attachment":"scroll","background-type":"","background-media":"","overlay-type":"","overlay-color":"","overlay-opacity":"","overlay-gradient":""},"tablet":{"background-color":"","background-image":"","background-repeat":"repeat","background-position":"center center","background-size":"auto","background-attachment":"scroll","background-type":"","background-media":"","overlay-type":"","overlay-color":"","overlay-opacity":"","overlay-gradient":""},"mobile":{"background-color":"","background-image":"","background-repeat":"repeat","background-position":"center center","background-size":"auto","background-attachment":"scroll","background-type":"","background-media":"","overlay-type":"","overlay-color":"","overlay-opacity":"","overlay-gradient":""}},"ast-content-background-meta":{"desktop":{"background-color":"var(--ast-global-color-5)","background-image":"","background-repeat":"repeat","background-position":"center center","background-size":"auto","background-attachment":"scroll","background-type":"","background-media":"","overlay-type":"","overlay-color":"","overlay-opacity":"","overlay-gradient":""},"tablet":{"background-color":"var(--ast-global-color-5)","background-image":"","background-repeat":"repeat","background-position":"center center","background-size":"auto","background-attachment":"scroll","background-type":"","background-media":"","overlay-type":"","overlay-color":"","overlay-opacity":"","overlay-gradient":""},"mobile":{"background-color":"var(--ast-global-color-5)","background-image":"","background-repeat":"repeat","background-position":"center center","background-size":"auto","background-attachment":"scroll","background-type":"","background-media":"","overlay-type":"","overlay-color":"","overlay-opacity":"","overlay-gradient":""}},"footnotes":""},"class_list":["post-56","page","type-page","status-publish","hentry"],"_links":{"self":[{"href":"https:\/\/karlsro.nu\/index.php?rest_route=\/wp\/v2\/pages\/56","targetHints":{"allow":["GET"]}}],"collection":[{"href":"https:\/\/karlsro.nu\/index.php?rest_route=\/wp\/v2\/pages"}],"about":[{"href":"https:\/\/karlsro.nu\/index.php?rest_route=\/wp\/v2\/types\/page"}],"author":[{"embeddable":true,"href":"https:\/\/karlsro.nu\/index.php?rest_route=\/wp\/v2\/users\/1"}],"replies":[{"embeddable":true,"href":"https:\/\/karlsro.nu\/index.php?rest_route=%2Fwp%2Fv2%2Fcomments&post=56"}],"version-history":[{"count":36,"href":"https:\/\/karlsro.nu\/index.php?rest_route=\/wp\/v2\/pages\/56\/revisions"}],"predecessor-version":[{"id":4876,"href":"https:\/\/karlsro.nu\/index.php?rest_route=\/wp\/v2\/pages\/56\/revisions\/4876"}],"wp:attachment":[{"href":"https:\/\/karlsro.nu\/index.php?rest_route=%2Fwp%2Fv2%2Fmedia&parent=56"}],"curies":[{"name":"wp","href":"https:\/\/api.w.org\/{rel}","templated":true}]}}