{"id":397,"date":"2020-08-21T13:00:54","date_gmt":"2020-08-21T12:00:54","guid":{"rendered":"https:\/\/karlsro.nu\/?page_id=397"},"modified":"2026-04-07T13:39:23","modified_gmt":"2026-04-07T12:39:23","slug":"polfararna-tisdagar","status":"publish","type":"page","link":"https:\/\/karlsro.nu\/?page_id=397","title":{"rendered":"Polfararna (tisdagar)"},"content":{"rendered":"\n<p>Vi tr\u00e4ffas kl. 18.30-20.30 om inget annat anges i programmet.<\/p>\n\n\n\n<p><strong>Ledare:<\/strong><\/p>\n\n\n\n<ul class=\"wp-block-list\">\n<li><a href=\"mailto:scouterika@joersios.se\">Erika Keller<\/a> (Avdelningsansvarig ledare)<\/li>\n\n\n\n<li>Lim (Johan Bengtsson)<\/li>\n\n\n\n<li>Anna Tornberg<\/li>\n\n\n\n<li>David Westberg<\/li>\n\n\n\n<li>Evgheni Ermolaev<\/li>\n\n\n\n<li>John Khashouf<\/li>\n<\/ul>\n\n\n\n<p><strong>HT 2025<\/strong><\/p>\n\n\n\n<figure class=\"wp-block-table is-style-stripes\"><table class=\"has-border-color has-ast-global-color-8-border-color\" style=\"border-style:solid;border-width:1px\"><tbody><tr><th>Datum<\/th><th>Aktivitet<\/th><th>Plats<\/th><\/tr><tr><td>13\/1<br><\/td><td>Terminsstart med pulk\u00e5kning<br><strong>TAG MED:<\/strong> N\u00e5got att \u00e5ka p\u00e5, Hj\u00e4lm<\/td><td>Ute vid Scoutg\u00e5rden<\/td><\/tr><tr><td>20\/1<\/td><td>Escape room<\/td><td>Scoutg\u00e5rden<\/td><\/tr><tr><td>27\/1<\/td><td>Fokusgrupper, m\u00f6te 3<\/td><td>Scoutg\u00e5rden<\/td><\/tr><tr><td>3\/2<\/td><td>T\u00e4nda och Sl\u00e4cka + Patrull\u00e5rsm\u00f6ten<\/td><td>Ute vid Scoutg\u00e5rden<\/td><\/tr><tr><td>7\/2-8\/2<\/td><td>Polarexpedition, <a href=\"#polarexpedition\">mer information nedanf\u00f6r programmet<\/a><\/td><td>Dalkarlsk\u00e4rret<\/td><\/tr><tr><td>10\/2<\/td><td>Milj\u00f6tema<\/td><td>Scoutg\u00e5rden<\/td><\/tr><tr><td>17\/2<\/td><td>SPORTLOV &#8211; Inget m\u00f6te<\/td><td><\/td><\/tr><tr><td>24\/2<\/td><td>Reflexkaos<\/td><td>Ute vid Scoutg\u00e5rden<\/td><\/tr><tr><td>3\/3<\/td><td>T\u00e4lja<br><strong>TAG MED:<\/strong> En bra t\u00e4ljkniv<\/td><td>Scoutg\u00e5rden<\/td><\/tr><tr><td>10\/3<\/td><td>Knopa och surra<\/td><td>Scoutg\u00e5rden<\/td><\/tr><tr><td>17\/3<\/td><td>Raketteknik<br><strong>TAG MED:<\/strong> Tomma PET-flaskor (1,5l med kork)<\/td><td>Ute vid scoutg\u00e5rden<\/td><\/tr><tr><td>24\/3<\/td><td>Sym\u00f6te<\/td><td>Scoutg\u00e5rden<\/td><\/tr><tr><td>31\/3<\/td><td>P\u00c5SKLOV &#8211; Inget m\u00f6te<\/td><td><\/td><\/tr><tr><td>7\/4<\/td><td>F\u00f6rminiatyr<br>Vi arrangerar ett m\u00f6te f\u00f6r Gr\u00f6ng\u00f6lingarna och Eldgnistorna. Eftersom det var p\u00e5sklov f\u00f6rra veckan planerar ledarna kontroller.<br><strong>OBS:<\/strong> M\u00f6tet startar 17.45 och slutar c:a 20<\/td><td>Ute vid Scoutg\u00e5rden<\/td><\/tr><tr><td>14\/4<\/td><td>Scoutm\u00e4sterkocken, Aktiviteten ger po\u00e4ng i yxant\u00e4vlingen<\/td><td>Ute vid Scoutg\u00e5rden<\/td><\/tr><tr><td>21\/4<\/td><td>Hajkplanering<\/td><td>Scoutg\u00e5rden<\/td><\/tr><tr><td>25\/4-26\/4<\/td><td>Spionhajk, Aktiviteten ger po\u00e4ng i yxant\u00e4vlingen<\/td><td>Meddelas senare<\/td><\/tr><tr><td>28\/4<\/td><td>Orientering<\/td><td>Ute vid Scoutg\u00e5rden<\/td><\/tr><tr><td>30\/4<\/td><td>Valborgsfirande i Uller\u00e5ker<\/td><td>Ute vid Scoutg\u00e5rden<\/td><\/tr><tr><td>5\/5<\/td><td>Fokusgrupp, m\u00f6te 4<\/td><td>Ute vid Scoutg\u00e5rden<\/td><\/tr><tr><td>12\/5<\/td><td>Nornhajksplanering \/ Hantverk<\/td><td>Scoutg\u00e5rden<\/td><\/tr><tr><td>19\/5<\/td><td>Handla till Nornhajken \/ Hantverk<\/td><td>Scoutg\u00e5rden<\/td><\/tr><tr><td>22\/5-25\/5<\/td><td>Nornhajken<\/td><td>Skogarna runt Hedemora<\/td><\/tr><tr><td>26\/5<\/td><td>Yxa och S\u00e5g<\/td><td>Dragontorpet<\/td><\/tr><tr><td>2\/6<\/td><td>Yxanfinal<\/td><td>Scoutg\u00e5rden<\/td><\/tr><tr><td>7\/6<\/td><td>V\u00e5r k\u00e5rv\u00e5r<\/td><td>Meddelas senare<\/td><\/tr><tr><td>9\/6<\/td><td>Kl\u00e4ttring<\/td><td>Kl\u00e4tteklippan vid Dalkarlsk\u00e4rret<\/td><\/tr><tr><td>13\/6<\/td><td>Paddling<\/td><td>Ekolnsn\u00e4s<\/td><\/tr><tr><td>1\/8-8\/8<\/td><td>Sommarl\u00e4ger: DUST<\/td><td>V\u00e4ster\u00e4ng utanf\u00f6r Motala<\/td><\/tr><\/tbody><\/table><\/figure>\n\n\n\n<h3 class=\"wp-block-heading\" id=\"polarexpedition\">Polarexpedition<\/h3>\n\n\n\n<p>Vi \u00f6vernattar i kamint\u00e4lt, tillsammans med scouter fr\u00e5n \u00c5loppe scoutk\u00e5r. Vi samlas klockan 12 p\u00e5 l\u00f6rdag 7 februari vid Dalkarlsk\u00e4rret. Vi startar med att l\u00e4ra k\u00e4nna varandra. Efter vi har \u00e4tit medhavd mats\u00e4ck sl\u00e5r vi upp t\u00e4ltet. Om v\u00e4dret och isl\u00e4get till\u00e5ter \u00e5ker vi sedan skridskor och g\u00f6r isaktiviteter p\u00e5 Dalkarlsk\u00e4rret. Vi lagar gemensam middag p\u00e5 eld.<br><br>P\u00e5 s\u00f6ndagen g\u00f6r vi gemensam frukost och packar ihop. Vid tiotiden f\u00f6rflyttar vi oss till scoutg\u00e5rden i Uller\u00e5ker f\u00f6r materialv\u00e5rd, vi r\u00e4knar med att avsluta d\u00e4r ca klockan 12. Beroende p\u00e5 hur m\u00e5nga som kommer kan vi beh\u00f6va hj\u00e4lp med skjuts fr\u00e5n Dalkarlsk\u00e4rret ca klockan 10:30 p\u00e5 s\u00f6ndagen.<br><br>F\u00f6r att h\u00e5lla v\u00e4rmen i t\u00e4ltet under natten kommer vi elda hela tiden och alla kommer att sitta eldvakt tillsammans med en kompis. Det finns f\u00e5 saker som \u00e4r b\u00e4ttre \u00e4n att sitta i ett t\u00e4lt upplyst enbart av den r\u00f6da kaminen och lyssna p\u00e5 snusandet fr\u00e5n alla som sover och p\u00e5 skogens ljud utanf\u00f6r.<br><br>F\u00f6r att vi ska kunna s\u00e4tta ihop ett eldvaktschema som r\u00e4cker hela natten beh\u00f6ver det vara minst 10 scouter som vill sova \u00f6ver. Om vi inte n\u00e5r upp till det f\u00e5r vi tyv\u00e4rr st\u00e4lla in.<br><br>Utg\u00e5 fr\u00e5n v\u00e5r <a href=\"https:\/\/docs.google.com\/document\/d\/10WNMlhpwOnzU0mjeSdzWpe47lk6ochQ71lZlKnI1jp4\/edit?usp=sharing\">baspacklista<\/a> n\u00e4r du packar. Temperaturen i t\u00e4ltet kan variera lite under natten men r\u00e4kna med <a href=\"c:a\">c:a<\/a> +5 grader.<br><br>Ut\u00f6ver baspackning beh\u00f6ver du f\u00f6ljande:<br>* Skridskor (om du har) till l\u00f6rdagen.<br>* Mats\u00e4ckslunch och fika till l\u00f6rdagen (obs. varm dryck).<br>* Dubbla liggunderlag (minst 1 cellplast) &#8211; Marken \u00e4r kall.<br>* Termos (f\u00f6r att lagra varmt vatten).<br>* Kniv och Hajkbricka<br>* L\u00e4gerb\u00e5lsfilt (om du har, bra som f\u00f6rst\u00e4rkning).<br>* Sittunderlag<br><br>Hajken \u00e4r kostnadsfri.<br><br>Anm\u00e4l om du kommer eller inte senast torsdag 5\/2 antingen via mail till Lim eller direkt i <a href=\"https:\/\/www.scoutnet.se\/activities\/view\/69240\">scoutnet<\/a>. Om du anm\u00e4ler dig i scoutnet, se till att du \u00e4r inloggad som dig sj\u00e4lv och inte som n\u00e5gon annan i din familj.<br><\/p>\n\n\n\n<h3 class=\"wp-block-heading\" id=\"hantverk\">Aktuell st\u00e4llning i Yxan-t\u00e4vlingen<\/h3>\n\n\n\n<figure class=\"wp-block-table alignwide is-style-stripes\"><table><tbody><tr><td><\/td><td class=\"has-text-align-right\" data-align=\"right\">Moxen<\/td><td class=\"has-text-align-right\" data-align=\"right\">Narvalen<\/td><td class=\"has-text-align-right\" data-align=\"right\">Albatrossen<\/td><td class=\"has-text-align-right\" data-align=\"right\">Valrossen<\/td><\/tr><tr><td>Eldstafett<\/td><td class=\"has-text-align-right\" data-align=\"right\">&#8211;<\/td><td class=\"has-text-align-right\" data-align=\"right\">37<\/td><td class=\"has-text-align-right\" data-align=\"right\">17<\/td><td class=\"has-text-align-right\" data-align=\"right\">46<\/td><\/tr><tr><td>T\u00e5rtt\u00e4vling<\/td><td class=\"has-text-align-right\" data-align=\"right\">&#8211;<\/td><td class=\"has-text-align-right\" data-align=\"right\">44<\/td><td class=\"has-text-align-right\" data-align=\"right\">17<\/td><td class=\"has-text-align-right\" data-align=\"right\">47<\/td><\/tr><tr><td>N\u00e4rvaro HT<\/td><td class=\"has-text-align-right\" data-align=\"right\">&#8211;<\/td><td class=\"has-text-align-right\" data-align=\"right\">14<\/td><td class=\"has-text-align-right\" data-align=\"right\">11<\/td><td class=\"has-text-align-right\" data-align=\"right\">18<\/td><\/tr><tr><td>Scoutkl\u00e4dsel HT<\/td><td class=\"has-text-align-right\" data-align=\"right\">&#8211;<\/td><td class=\"has-text-align-right\" data-align=\"right\">3<\/td><td class=\"has-text-align-right\" data-align=\"right\">5<\/td><td class=\"has-text-align-right\" data-align=\"right\">12<\/td><\/tr><tr><td>N\u00e4rvaro VT<\/td><td class=\"has-text-align-right\" data-align=\"right\">&#8211;<\/td><td class=\"has-text-align-right\" data-align=\"right\">&#8211;<\/td><td class=\"has-text-align-right\" data-align=\"right\">&#8211;<\/td><td class=\"has-text-align-right\" data-align=\"right\">&#8211;<\/td><\/tr><tr><td>Scoutkl\u00e4dsel VT<\/td><td class=\"has-text-align-right\" data-align=\"right\">&#8211;<\/td><td class=\"has-text-align-right\" data-align=\"right\">&#8211;<\/td><td class=\"has-text-align-right\" data-align=\"right\">&#8211;<\/td><td class=\"has-text-align-right\" data-align=\"right\">&#8211;<\/td><\/tr><tr><td>Loggbok<\/td><td class=\"has-text-align-right\" data-align=\"right\">&#8211;<\/td><td class=\"has-text-align-right\" data-align=\"right\">&#8211;<\/td><td class=\"has-text-align-right\" data-align=\"right\">&#8211;<\/td><td class=\"has-text-align-right\" data-align=\"right\">&#8211;<\/td><\/tr><tr><td><strong>TOTALT<\/strong><\/td><td class=\"has-text-align-right\" data-align=\"right\">0<\/td><td class=\"has-text-align-right\" data-align=\"right\">98<\/td><td class=\"has-text-align-right\" data-align=\"right\">50<\/td><td class=\"has-text-align-right\" data-align=\"right\">113<\/td><\/tr><\/tbody><\/table><\/figure>\n\n\n\n<p><\/p>\n\n\n\n<p>&#8211;<\/p>\n\n\n\n<p><\/p>\n","protected":false},"excerpt":{"rendered":"<p>Vi tr\u00e4ffas kl. 18.30-20.30 om inget annat anges i programmet. Ledare: HT 2025 Datum Aktivitet Plats 13\/1 Terminsstart med pulk\u00e5kningTAG MED: N\u00e5got att \u00e5ka p\u00e5, Hj\u00e4lm Ute vid Scoutg\u00e5rden 20\/1 Escape room Scoutg\u00e5rden 27\/1 Fokusgrupper, m\u00f6te 3 Scoutg\u00e5rden 3\/2 T\u00e4nda och Sl\u00e4cka + Patrull\u00e5rsm\u00f6ten Ute vid Scoutg\u00e5rden 7\/2-8\/2 Polarexpedition, mer information nedanf\u00f6r programmet Dalkarlsk\u00e4rret 10\/2 [&hellip;]<\/p>\n","protected":false},"author":1,"featured_media":0,"parent":95,"menu_order":2,"comment_status":"closed","ping_status":"closed","template":"","meta":{"site-sidebar-layout":"default","site-content-layout":"default","ast-site-content-layout":"default","site-content-style":"default","site-sidebar-style":"default","ast-global-header-display":"","ast-banner-title-visibility":"","ast-main-header-display":"","ast-hfb-above-header-display":"","ast-hfb-below-header-display":"","ast-hfb-mobile-header-display":"","site-post-title":"","ast-breadcrumbs-content":"","ast-featured-img":"","footer-sml-layout":"","ast-disable-related-posts":"","theme-transparent-header-meta":"default","adv-header-id-meta":"","stick-header-meta":"","header-above-stick-meta":"","header-main-stick-meta":"","header-below-stick-meta":"","astra-migrate-meta-layouts":"set","ast-page-background-enabled":"default","ast-page-background-meta":{"desktop":{"background-color":"","background-image":"","background-repeat":"repeat","background-position":"center center","background-size":"auto","background-attachment":"scroll","background-type":"","background-media":"","overlay-type":"","overlay-color":"","overlay-opacity":"","overlay-gradient":""},"tablet":{"background-color":"","background-image":"","background-repeat":"repeat","background-position":"center center","background-size":"auto","background-attachment":"scroll","background-type":"","background-media":"","overlay-type":"","overlay-color":"","overlay-opacity":"","overlay-gradient":""},"mobile":{"background-color":"","background-image":"","background-repeat":"repeat","background-position":"center center","background-size":"auto","background-attachment":"scroll","background-type":"","background-media":"","overlay-type":"","overlay-color":"","overlay-opacity":"","overlay-gradient":""}},"ast-content-background-meta":{"desktop":{"background-color":"var(--ast-global-color-5)","background-image":"","background-repeat":"repeat","background-position":"center center","background-size":"auto","background-attachment":"scroll","background-type":"","background-media":"","overlay-type":"","overlay-color":"","overlay-opacity":"","overlay-gradient":""},"tablet":{"background-color":"var(--ast-global-color-5)","background-image":"","background-repeat":"repeat","background-position":"center center","background-size":"auto","background-attachment":"scroll","background-type":"","background-media":"","overlay-type":"","overlay-color":"","overlay-opacity":"","overlay-gradient":""},"mobile":{"background-color":"var(--ast-global-color-5)","background-image":"","background-repeat":"repeat","background-position":"center center","background-size":"auto","background-attachment":"scroll","background-type":"","background-media":"","overlay-type":"","overlay-color":"","overlay-opacity":"","overlay-gradient":""}},"footnotes":""},"class_list":["post-397","page","type-page","status-publish","hentry"],"_links":{"self":[{"href":"https:\/\/karlsro.nu\/index.php?rest_route=\/wp\/v2\/pages\/397","targetHints":{"allow":["GET"]}}],"collection":[{"href":"https:\/\/karlsro.nu\/index.php?rest_route=\/wp\/v2\/pages"}],"about":[{"href":"https:\/\/karlsro.nu\/index.php?rest_route=\/wp\/v2\/types\/page"}],"author":[{"embeddable":true,"href":"https:\/\/karlsro.nu\/index.php?rest_route=\/wp\/v2\/users\/1"}],"replies":[{"embeddable":true,"href":"https:\/\/karlsro.nu\/index.php?rest_route=%2Fwp%2Fv2%2Fcomments&post=397"}],"version-history":[{"count":226,"href":"https:\/\/karlsro.nu\/index.php?rest_route=\/wp\/v2\/pages\/397\/revisions"}],"predecessor-version":[{"id":5195,"href":"https:\/\/karlsro.nu\/index.php?rest_route=\/wp\/v2\/pages\/397\/revisions\/5195"}],"up":[{"embeddable":true,"href":"https:\/\/karlsro.nu\/index.php?rest_route=\/wp\/v2\/pages\/95"}],"wp:attachment":[{"href":"https:\/\/karlsro.nu\/index.php?rest_route=%2Fwp%2Fv2%2Fmedia&parent=397"}],"curies":[{"name":"wp","href":"https:\/\/api.w.org\/{rel}","templated":true}]}}