{"id":1702,"date":"2021-08-25T16:50:16","date_gmt":"2021-08-25T15:50:16","guid":{"rendered":"https:\/\/karlsro.nu\/?page_id=1702"},"modified":"2025-10-20T07:49:45","modified_gmt":"2025-10-20T06:49:45","slug":"pyssellufsarna-3-onsdagar","status":"publish","type":"page","link":"https:\/\/karlsro.nu\/?page_id=1702","title":{"rendered":"Hobbitarna"},"content":{"rendered":"\n<h2 class=\"wp-block-heading\">Om oss<\/h2>\n\n\n\n<p>Utmanarlaget Hobbitarna best\u00e5r av scouter f\u00f6dda -09. Vi tr\u00e4ffas p\u00e5 m\u00e5ndagar kl. 19:00 &#8211; 21:00. <\/p>\n\n\n\n<h2 class=\"wp-block-heading\">Ledare<\/h2>\n\n\n\n<ul class=\"wp-block-list\">\n<li>Adam Andr\u00e9n (Avdelningsansvarig ledare), 073-8210745<\/li>\n\n\n\n<li>Johan &#8221;Biffen&#8221; Berglund<\/li>\n<\/ul>\n\n\n\n<h2 class=\"wp-block-heading\">M\u00f6ten<\/h2>\n\n\n\n<ul class=\"wp-block-list\">\n<li>25\/8 &#8211; Terminsstart<\/li>\n\n\n\n<li>1\/9 &#8211; Planera invigningshajk<\/li>\n\n\n\n<li>8\/9 &#8211; Planera invigningshajk<\/li>\n\n\n\n<li>15\/9 &#8211; Planera invigningshajk<\/li>\n\n\n\n<li>22\/9 &#8211; Planera invigningshajk<\/li>\n\n\n\n<li>29\/9 &#8211; Inf\u00f6r hajk<\/li>\n<\/ul>\n\n\n\n<h2 class=\"wp-block-heading\">Hajker<\/h2>\n\n\n\n<ul class=\"wp-block-list\">\n<li>19-21\/9 &#8211; Filmhajk<\/li>\n\n\n\n<li>26-28\/9 &#8211; Liding\u00f6loppet<\/li>\n\n\n\n<li>3-4\/10 &#8211; Invigningshajk<\/li>\n<\/ul>\n\n\n\n<p><\/p>\n","protected":false},"excerpt":{"rendered":"<p>Om oss Utmanarlaget Hobbitarna best\u00e5r av scouter f\u00f6dda -09. Vi tr\u00e4ffas p\u00e5 m\u00e5ndagar kl. 19:00 &#8211; 21:00. Ledare M\u00f6ten Hajker<\/p>\n","protected":false},"author":3,"featured_media":0,"parent":99,"menu_order":3,"comment_status":"closed","ping_status":"closed","template":"","meta":{"site-sidebar-layout":"default","site-content-layout":"default","ast-site-content-layout":"default","site-content-style":"default","site-sidebar-style":"default","ast-global-header-display":"","ast-banner-title-visibility":"","ast-main-header-display":"","ast-hfb-above-header-display":"","ast-hfb-below-header-display":"","ast-hfb-mobile-header-display":"","site-post-title":"","ast-breadcrumbs-content":"","ast-featured-img":"","footer-sml-layout":"","ast-disable-related-posts":"","theme-transparent-header-meta":"default","adv-header-id-meta":"","stick-header-meta":"","header-above-stick-meta":"","header-main-stick-meta":"","header-below-stick-meta":"","astra-migrate-meta-layouts":"set","ast-page-background-enabled":"default","ast-page-background-meta":{"desktop":{"background-color":"","background-image":"","background-repeat":"repeat","background-position":"center center","background-size":"auto","background-attachment":"scroll","background-type":"","background-media":"","overlay-type":"","overlay-color":"","overlay-opacity":"","overlay-gradient":""},"tablet":{"background-color":"","background-image":"","background-repeat":"repeat","background-position":"center center","background-size":"auto","background-attachment":"scroll","background-type":"","background-media":"","overlay-type":"","overlay-color":"","overlay-opacity":"","overlay-gradient":""},"mobile":{"background-color":"","background-image":"","background-repeat":"repeat","background-position":"center center","background-size":"auto","background-attachment":"scroll","background-type":"","background-media":"","overlay-type":"","overlay-color":"","overlay-opacity":"","overlay-gradient":""}},"ast-content-background-meta":{"desktop":{"background-color":"var(--ast-global-color-5)","background-image":"","background-repeat":"repeat","background-position":"center center","background-size":"auto","background-attachment":"scroll","background-type":"","background-media":"","overlay-type":"","overlay-color":"","overlay-opacity":"","overlay-gradient":""},"tablet":{"background-color":"var(--ast-global-color-5)","background-image":"","background-repeat":"repeat","background-position":"center center","background-size":"auto","background-attachment":"scroll","background-type":"","background-media":"","overlay-type":"","overlay-color":"","overlay-opacity":"","overlay-gradient":""},"mobile":{"background-color":"var(--ast-global-color-5)","background-image":"","background-repeat":"repeat","background-position":"center center","background-size":"auto","background-attachment":"scroll","background-type":"","background-media":"","overlay-type":"","overlay-color":"","overlay-opacity":"","overlay-gradient":""}},"footnotes":""},"class_list":["post-1702","page","type-page","status-publish","hentry"],"_links":{"self":[{"href":"https:\/\/karlsro.nu\/index.php?rest_route=\/wp\/v2\/pages\/1702","targetHints":{"allow":["GET"]}}],"collection":[{"href":"https:\/\/karlsro.nu\/index.php?rest_route=\/wp\/v2\/pages"}],"about":[{"href":"https:\/\/karlsro.nu\/index.php?rest_route=\/wp\/v2\/types\/page"}],"author":[{"embeddable":true,"href":"https:\/\/karlsro.nu\/index.php?rest_route=\/wp\/v2\/users\/3"}],"replies":[{"embeddable":true,"href":"https:\/\/karlsro.nu\/index.php?rest_route=%2Fwp%2Fv2%2Fcomments&post=1702"}],"version-history":[{"count":45,"href":"https:\/\/karlsro.nu\/index.php?rest_route=\/wp\/v2\/pages\/1702\/revisions"}],"predecessor-version":[{"id":4873,"href":"https:\/\/karlsro.nu\/index.php?rest_route=\/wp\/v2\/pages\/1702\/revisions\/4873"}],"up":[{"embeddable":true,"href":"https:\/\/karlsro.nu\/index.php?rest_route=\/wp\/v2\/pages\/99"}],"wp:attachment":[{"href":"https:\/\/karlsro.nu\/index.php?rest_route=%2Fwp%2Fv2%2Fmedia&parent=1702"}],"curies":[{"name":"wp","href":"https:\/\/api.w.org\/{rel}","templated":true}]}}